{"id":40115,"date":"2024-10-16T08:12:27","date_gmt":"2024-10-16T12:12:27","guid":{"rendered":"https:\/\/www.empire47.com\/vanlife\/"},"modified":"2024-11-29T07:49:53","modified_gmt":"2024-11-29T12:49:53","slug":"vanlife","status":"publish","type":"page","link":"https:\/\/www.empire47.com\/en\/vanlife\/","title":{"rendered":"Vanlife"},"content":{"rendered":"<p>[et_pb_section fb_built=&#8221;1&#8243; admin_label=&#8221;Hero Section&#8221; _builder_version=&#8221;4.17.4&#8243; use_background_color_gradient=&#8221;on&#8221; background_color_gradient_direction=&#8221;120deg&#8221; background_color_gradient_stops=&#8221;#000000 0%|rgba(0,0,0,0) 69%&#8221; background_color_gradient_overlays_image=&#8221;on&#8221; background_color_gradient_start=&#8221;#000000&#8243; background_color_gradient_end=&#8221;rgba(0,0,0,0)&#8221; background_image=&#8221;https:\/\/www.empire47.com\/wp-content\/uploads\/2022\/07\/gettyimages-1254400490-jpg.webp&#8221; custom_padding=&#8221;10%||10%|&#8221; background_last_edited=&#8221;on|phone&#8221; background_image_phone=&#8221;https:\/\/www.empire47.com\/wp-content\/uploads\/2022\/07\/gettyimages-1254400490-jpg.webp&#8221; background_enable_image_phone=&#8221;on&#8221; background_position_phone=&#8221;center&#8221; global_colors_info=&#8221;{}&#8221; title_text_phone=&#8221;Header-mobile-2-min-min&#8221;][et_pb_row column_structure=&#8221;1_2,1_2&#8243; admin_label=&#8221;Hero Area&#8221; _builder_version=&#8221;4.16&#8243; global_colors_info=&#8221;{}&#8221;][et_pb_column type=&#8221;1_2&#8243; _builder_version=&#8221;4.16&#8243; custom_padding=&#8221;|||&#8221; global_colors_info=&#8221;{}&#8221; custom_padding__hover=&#8221;|||&#8221;][et_pb_text admin_label=&#8221;Title&#8221; _builder_version=&#8221;4.17.4&#8243; text_font=&#8221;||||||||&#8221; text_text_color=&#8221;#e09900&#8243; header_font=&#8221;Montserrat|600||on|||||&#8221; header_text_color=&#8221;#ffffff&#8221; header_font_size=&#8221;44px&#8221; header_line_height=&#8221;1.2em&#8221; background_layout=&#8221;dark&#8221; custom_margin=&#8221;|-200px|||false|false&#8221; custom_padding=&#8221;||||false|false&#8221; animation_style=&#8221;fade&#8221; header_font_tablet=&#8221;&#8221; header_font_phone=&#8221;&#8221; header_font_last_edited=&#8221;on|phone&#8221; header_font_size_tablet=&#8221;&#8221; header_font_size_phone=&#8221;24px&#8221; header_font_size_last_edited=&#8221;on|phone&#8221; header_text_shadow_style=&#8221;preset2&#8243; global_colors_info=&#8221;{}&#8221;]<\/p>\n<h1>vanlife<\/h1>\n<p>[\/et_pb_text][\/et_pb_column][et_pb_column type=&#8221;1_2&#8243; _builder_version=&#8221;4.16&#8243; custom_padding=&#8221;|||&#8221; global_colors_info=&#8221;{}&#8221; custom_padding__hover=&#8221;|||&#8221;][\/et_pb_column][\/et_pb_row][\/et_pb_section][et_pb_section fb_built=&#8221;1&#8243; _builder_version=&#8221;4.16&#8243; _module_preset=&#8221;default&#8221; custom_margin=&#8221;-50px||-50px||true|false&#8221; locked=&#8221;off&#8221; global_colors_info=&#8221;{}&#8221;][et_pb_row _builder_version=&#8221;4.16&#8243; background_size=&#8221;initial&#8221; background_position=&#8221;top_left&#8221; background_repeat=&#8221;repeat&#8221; custom_margin=&#8221;|||&#8221; custom_padding=&#8221;|0px||0px|false|false&#8221; locked=&#8221;off&#8221; global_colors_info=&#8221;{}&#8221;][et_pb_column type=&#8221;4_4&#8243; _builder_version=&#8221;4.16&#8243; custom_padding=&#8221;|||&#8221; global_colors_info=&#8221;{}&#8221; custom_padding__hover=&#8221;|||&#8221;][et_pb_blurb url=&#8221;#&#8221; icon_placement=&#8221;left&#8221; content_max_width=&#8221;1100px&#8221; _builder_version=&#8221;4.17.4&#8243; header_font=&#8221;Montserrat|700|||||||&#8221; header_text_color=&#8221;#2e2545&#8243; header_line_height=&#8221;1.5em&#8221; body_text_color=&#8221;#2A2E40&#8243; body_font_size=&#8221;16px&#8221; body_line_height=&#8221;1.9em&#8221; background_color=&#8221;#ffffff&#8221; background_size=&#8221;initial&#8221; background_position=&#8221;top_left&#8221; background_repeat=&#8221;repeat&#8221; custom_margin=&#8221;||||false|false&#8221; custom_padding=&#8221;30px|40px||40px|false|false&#8221; animation_style=&#8221;zoom&#8221; animation_direction=&#8221;bottom&#8221; animation_intensity_zoom=&#8221;20%&#8221; animation_starting_opacity=&#8221;100%&#8221; box_shadow_style=&#8221;preset2&#8243; box_shadow_horizontal=&#8221;0px&#8221; box_shadow_vertical=&#8221;0px&#8221; box_shadow_blur=&#8221;60px&#8221; box_shadow_color=&#8221;rgba(42,46,64,0.15)&#8221; locked=&#8221;off&#8221; global_colors_info=&#8221;{}&#8221;]<\/p>\n<h3 style=\"text-align: left;\"><strong>We have a reserved area for <\/strong><strong>vanlife enthusiasts <\/strong><strong>just 1.5 km from Empire 47.<\/strong><\/h3>\n<p>&nbsp;<\/p>\n<p>&nbsp;<\/p>\n<ul>\n<li style=\"list-style-type: none;\">\n<ul>\n<li style=\"list-style-type: none;\">\n<ul>\n<li>Your vehicle must be less than 26 feet long<\/li>\n<li>You may stay for a <strong>maximum of 2 consecutive nights<\/strong><\/li>\n<li>You must be an Empire 47 customer<\/li>\n<li>Only available during summer<\/li>\n<\/ul>\n<\/li>\n<\/ul>\n<\/li>\n<\/ul>\n<p>[\/et_pb_blurb][\/et_pb_column][\/et_pb_row][et_pb_row column_structure=&#8221;2_5,3_5&#8243; _builder_version=&#8221;4.16&#8243; background_size=&#8221;initial&#8221; background_position=&#8221;top_left&#8221; background_repeat=&#8221;repeat&#8221; custom_margin=&#8221;|||&#8221; custom_padding=&#8221;|0px||0px|false|false&#8221; locked=&#8221;off&#8221; global_colors_info=&#8221;{}&#8221;][et_pb_column type=&#8221;2_5&#8243; _builder_version=&#8221;4.16&#8243; custom_padding=&#8221;|||&#8221; global_colors_info=&#8221;{}&#8221; custom_padding__hover=&#8221;|||&#8221;][et_pb_icon font_icon=&#8221;&#xf5b6;||fa||900&#8243; icon_color=&#8221;#00AE42&#8243; _builder_version=&#8221;4.17.4&#8243; _module_preset=&#8221;default&#8221; custom_padding=&#8221;||||false|false&#8221; global_colors_info=&#8221;{}&#8221;][\/et_pb_icon][et_pb_text _builder_version=&#8221;4.17.4&#8243; _module_preset=&#8221;default&#8221; header_3_font=&#8221;|700|||||||&#8221; header_3_font_size=&#8221;36px&#8221; header_4_font_size=&#8221;22px&#8221; custom_padding=&#8221;|||75px|false|false&#8221; custom_padding_tablet=&#8221;|||75px|false|false&#8221; custom_padding_phone=&#8221;|||75px|false|false&#8221; custom_padding_last_edited=&#8221;on|desktop&#8221; global_colors_info=&#8221;{}&#8221;]<\/p>\n<h3>$25 +tx<\/h3>\n<h4 style=\"padding-left: 40px;\">&gt; per vehicle<\/h4>\n<h4 style=\"padding-left: 40px;\">&gt; per night<\/h4>\n<p>[\/et_pb_text][\/et_pb_column][et_pb_column type=&#8221;3_5&#8243; _builder_version=&#8221;4.16&#8243; custom_padding=&#8221;|||&#8221; global_colors_info=&#8221;{}&#8221; custom_padding__hover=&#8221;|||&#8221;][et_pb_blurb url=&#8221;#&#8221; icon_placement=&#8221;left&#8221; content_max_width=&#8221;1100px&#8221; _builder_version=&#8221;4.17.4&#8243; header_font=&#8221;Montserrat|700|||||||&#8221; header_text_color=&#8221;#2e2545&#8243; header_line_height=&#8221;1.5em&#8221; body_text_color=&#8221;#2A2E40&#8243; body_font_size=&#8221;16px&#8221; body_line_height=&#8221;1.9em&#8221; background_color=&#8221;#ffffff&#8221; background_size=&#8221;initial&#8221; background_position=&#8221;top_left&#8221; background_repeat=&#8221;repeat&#8221; custom_margin=&#8221;||3%||false|false&#8221; custom_padding=&#8221;||||false|false&#8221; animation_style=&#8221;zoom&#8221; animation_direction=&#8221;bottom&#8221; animation_intensity_zoom=&#8221;20%&#8221; animation_starting_opacity=&#8221;100%&#8221; locked=&#8221;off&#8221; global_colors_info=&#8221;{}&#8221;]<\/p>\n<h3>Rules to follow during your stay:<\/h3>\n<ul>\n<li style=\"list-style-type: none;\">\n<ul>\n<li>Our patrollers will check to make sure you&#8217;ve paid for your overnight stay.<\/li>\n<li>There are no services on site (e.g. water, electricity, toilet) &#8211; you must be self-sufficient.<\/li>\n<li>Please leave with your garbage and keep the area clean<\/li>\n<li>No loud music or noise<\/li>\n<li>Please respect others and the neighborhood<\/li>\n<li>It is FORBIDDEN to sleep in your car, tent, tent-trailer or trailer.<\/li>\n<li>Any van or motor home MUST be equipped with a toilet.<\/li>\n<li>NO fires allowed on site<\/li>\n<li>10pm curfew<\/li>\n<\/ul>\n<\/li>\n<\/ul>\n<p>If you arrive before 4pm and the Vanlife zone is full, you can park at any time throughout P2.<\/p>\n<p>[\/et_pb_blurb][\/et_pb_column][\/et_pb_row][et_pb_row column_structure=&#8221;1_3,2_3&#8243; _builder_version=&#8221;4.17.4&#8243; background_size=&#8221;initial&#8221; background_position=&#8221;top_left&#8221; background_repeat=&#8221;repeat&#8221; custom_margin=&#8221;|||&#8221; custom_padding=&#8221;|0px||0px|false|false&#8221; locked=&#8221;off&#8221; global_colors_info=&#8221;{}&#8221;][et_pb_column type=&#8221;1_3&#8243; _builder_version=&#8221;4.16&#8243; custom_padding=&#8221;|||&#8221; global_colors_info=&#8221;{}&#8221; custom_padding__hover=&#8221;|||&#8221;][et_pb_blurb url=&#8221;#&#8221; icon_placement=&#8221;left&#8221; content_max_width=&#8221;1100px&#8221; _builder_version=&#8221;4.17.4&#8243; header_font=&#8221;Montserrat|700|||||||&#8221; header_text_color=&#8221;#2e2545&#8243; header_line_height=&#8221;1.5em&#8221; body_text_color=&#8221;#2A2E40&#8243; body_font_size=&#8221;16px&#8221; body_line_height=&#8221;1.9em&#8221; background_color=&#8221;#ffffff&#8221; background_size=&#8221;initial&#8221; background_position=&#8221;top_left&#8221; background_repeat=&#8221;repeat&#8221; custom_margin=&#8221;||3%||false|false&#8221; custom_padding=&#8221;||||false|false&#8221; animation_style=&#8221;zoom&#8221; animation_direction=&#8221;bottom&#8221; animation_intensity_zoom=&#8221;20%&#8221; animation_starting_opacity=&#8221;100%&#8221; locked=&#8221;off&#8221; global_colors_info=&#8221;{}&#8221;]<\/p>\n<p><strong>Empire 47&#8217;s Vanlife space is located at:<\/strong><\/p>\n<p>707, Chemin de la Grande Ligne<br \/>Stoneham-et-Tewkesbury (Qu\u00e9bec)<br \/>G3C 0Y2<\/p>\n<p>[\/et_pb_blurb][\/et_pb_column][et_pb_column type=&#8221;2_3&#8243; _builder_version=&#8221;4.16&#8243; custom_padding=&#8221;|||&#8221; global_colors_info=&#8221;{}&#8221; custom_padding__hover=&#8221;|||&#8221;][et_pb_image src=&#8221;https:\/\/www.empire47.com\/wp-content\/uploads\/2022\/07\/Vanlife.jpg&#8221; _builder_version=&#8221;4.17.4&#8243; _module_preset=&#8221;default&#8221; global_colors_info=&#8221;{}&#8221;][\/et_pb_image][\/et_pb_column][\/et_pb_row][et_pb_row disabled_on=&#8221;off|off|off&#8221; _builder_version=&#8221;4.16&#8243; _module_preset=&#8221;default&#8221; locked=&#8221;off&#8221; global_colors_info=&#8221;{}&#8221;][et_pb_column type=&#8221;4_4&#8243; _builder_version=&#8221;4.16&#8243; _module_preset=&#8221;default&#8221; global_colors_info=&#8221;{}&#8221;][et_pb_button button_url=&#8221;https:\/\/app.endorphine.ca\/collaborator\/75d303d7-9747-4454-8242-9c6500c3d765\/billing?category=lodging&#038;return-to=2&#8243; url_new_window=&#8221;on&#8221; button_text=&#8221;BOOK YOUR SPACE&#8221; button_alignment=&#8221;center&#8221; button_alignment_tablet=&#8221;&#8221; button_alignment_phone=&#8221;&#8221; button_alignment_last_edited=&#8221;on|phone&#8221; _builder_version=&#8221;4.25.0&#8243; _module_preset=&#8221;default&#8221; custom_button=&#8221;on&#8221; button_text_size=&#8221;17px&#8221; button_text_color=&#8221;#ffffff&#8221; button_bg_color=&#8221;#00ae42&#8243; button_border_radius=&#8221;10px&#8221; button_letter_spacing=&#8221;-1px&#8221; button_font=&#8221;Montserrat|||on|||||&#8221; button_icon=&#8221;&#x35;||divi||400&#8243; button_icon_color=&#8221;#ffffff&#8221; button_text_size_tablet=&#8221;&#8221; button_text_size_phone=&#8221;14px&#8221; button_text_size_last_edited=&#8221;on|phone&#8221; locked=&#8221;off&#8221; global_colors_info=&#8221;{}&#8221;][\/et_pb_button][\/et_pb_column][\/et_pb_row][et_pb_row disabled_on=&#8221;on|on|on&#8221; _builder_version=&#8221;4.16&#8243; _module_preset=&#8221;default&#8221; disabled=&#8221;on&#8221; locked=&#8221;off&#8221; global_colors_info=&#8221;{}&#8221;][et_pb_column type=&#8221;4_4&#8243; _builder_version=&#8221;4.16&#8243; _module_preset=&#8221;default&#8221; global_colors_info=&#8221;{}&#8221;][et_pb_text _builder_version=&#8221;4.25.0&#8243; _module_preset=&#8221;default&#8221; header_2_font=&#8221;Montserrat|700||on|||||&#8221; header_2_text_align=&#8221;center&#8221; header_2_text_color=&#8221;#ffffff&#8221; header_2_font_size=&#8221;40px&#8221; background_color=&#8221;#2a2e40&#8243; custom_padding=&#8221;20px||12px||false|false&#8221; header_2_font_size_tablet=&#8221;&#8221; header_2_font_size_phone=&#8221;24px&#8221; header_2_font_size_last_edited=&#8221;on|phone&#8221; global_colors_info=&#8221;{}&#8221;]<\/p>\n<h2>bookings upcoming<\/h2>\n<p>[\/et_pb_text][\/et_pb_column][\/et_pb_row][\/et_pb_section]<\/p>\n","protected":false},"excerpt":{"rendered":"<p>vanlifeWe have a reserved area for vanlife enthusiasts just 1.5 km from Empire 47. &nbsp; &nbsp; Your vehicle must be less than 26 feet long You may stay for a maximum of 2 consecutive nights You must be an Empire 47 customer Only available during summer $25 +tx &gt; per vehicle &gt; per nightRules to [&hellip;]<\/p>\n","protected":false},"author":14,"featured_media":0,"parent":0,"menu_order":0,"comment_status":"closed","ping_status":"closed","template":"","meta":{"_et_pb_use_builder":"on","_et_pb_old_content":"","_et_gb_content_width":"","footnotes":""},"class_list":["post-40115","page","type-page","status-publish","hentry"],"yoast_head":"<!-- This site is optimized with the Yoast SEO plugin v24.3 - https:\/\/yoast.com\/wordpress\/plugins\/seo\/ -->\n<title>Reserve your vanlife space - Empire 47<\/title>\n<meta name=\"description\" content=\"For Empire 47 customers and vanlife enthusiasts, reserve your vanlife space just 1.5 km from Empire 47!\" \/>\n<meta name=\"robots\" content=\"index, follow, max-snippet:-1, max-image-preview:large, max-video-preview:-1\" \/>\n<link rel=\"canonical\" href=\"https:\/\/www.empire47.com\/en\/vanlife\/\" \/>\n<meta property=\"og:locale\" content=\"en_US\" \/>\n<meta property=\"og:type\" content=\"article\" \/>\n<meta property=\"og:title\" content=\"Reserve your vanlife space - Empire 47\" \/>\n<meta property=\"og:description\" content=\"For Empire 47 customers and vanlife enthusiasts, reserve your vanlife space just 1.5 km from Empire 47!\" \/>\n<meta property=\"og:url\" content=\"https:\/\/www.empire47.com\/en\/vanlife\/\" \/>\n<meta property=\"og:site_name\" content=\"Empire 47\" \/>\n<meta property=\"article:publisher\" content=\"https:\/\/www.facebook.com\/StationEmpire47\/\" \/>\n<meta property=\"article:modified_time\" content=\"2024-11-29T12:49:53+00:00\" \/>\n<meta property=\"og:image\" content=\"https:\/\/www.empire47.com\/wp-content\/uploads\/2023\/12\/cropped-E47_Favicon.png\" \/>\n\t<meta property=\"og:image:width\" content=\"512\" \/>\n\t<meta property=\"og:image:height\" content=\"512\" \/>\n\t<meta property=\"og:image:type\" content=\"image\/png\" \/>\n<meta name=\"twitter:card\" content=\"summary_large_image\" \/>\n<meta name=\"twitter:label1\" content=\"Est. reading time\" \/>\n\t<meta name=\"twitter:data1\" content=\"6 minutes\" \/>\n<script type=\"application\/ld+json\" class=\"yoast-schema-graph\">{\"@context\":\"https:\/\/schema.org\",\"@graph\":[{\"@type\":\"WebPage\",\"@id\":\"https:\/\/www.empire47.com\/en\/vanlife\/\",\"url\":\"https:\/\/www.empire47.com\/en\/vanlife\/\",\"name\":\"Reserve your vanlife space - Empire 47\",\"isPartOf\":{\"@id\":\"https:\/\/www.empire47.com\/en\/#website\"},\"datePublished\":\"2024-10-16T12:12:27+00:00\",\"dateModified\":\"2024-11-29T12:49:53+00:00\",\"description\":\"For Empire 47 customers and vanlife enthusiasts, reserve your vanlife space just 1.5 km from Empire 47!\",\"breadcrumb\":{\"@id\":\"https:\/\/www.empire47.com\/en\/vanlife\/#breadcrumb\"},\"inLanguage\":\"en-US\",\"potentialAction\":[{\"@type\":\"ReadAction\",\"target\":[\"https:\/\/www.empire47.com\/en\/vanlife\/\"]}]},{\"@type\":\"BreadcrumbList\",\"@id\":\"https:\/\/www.empire47.com\/en\/vanlife\/#breadcrumb\",\"itemListElement\":[{\"@type\":\"ListItem\",\"position\":1,\"name\":\"Accueil\",\"item\":\"https:\/\/www.empire47.com\/en\/\"},{\"@type\":\"ListItem\",\"position\":2,\"name\":\"Vanlife\"}]},{\"@type\":\"WebSite\",\"@id\":\"https:\/\/www.empire47.com\/en\/#website\",\"url\":\"https:\/\/www.empire47.com\/en\/\",\"name\":\"Empire 47\",\"description\":\"V\u00e9lo de montagne et randonn\u00e9e p\u00e9destre\",\"publisher\":{\"@id\":\"https:\/\/www.empire47.com\/en\/#organization\"},\"potentialAction\":[{\"@type\":\"SearchAction\",\"target\":{\"@type\":\"EntryPoint\",\"urlTemplate\":\"https:\/\/www.empire47.com\/en\/?s={search_term_string}\"},\"query-input\":{\"@type\":\"PropertyValueSpecification\",\"valueRequired\":true,\"valueName\":\"search_term_string\"}}],\"inLanguage\":\"en-US\"},{\"@type\":\"Organization\",\"@id\":\"https:\/\/www.empire47.com\/en\/#organization\",\"name\":\"Empire 47\",\"url\":\"https:\/\/www.empire47.com\/en\/\",\"logo\":{\"@type\":\"ImageObject\",\"inLanguage\":\"en-US\",\"@id\":\"https:\/\/www.empire47.com\/en\/#\/schema\/logo\/image\/\",\"url\":\"https:\/\/www.empire47.com\/wp-content\/uploads\/2023\/12\/cropped-E47_Favicon.png\",\"contentUrl\":\"https:\/\/www.empire47.com\/wp-content\/uploads\/2023\/12\/cropped-E47_Favicon.png\",\"width\":512,\"height\":512,\"caption\":\"Empire 47\"},\"image\":{\"@id\":\"https:\/\/www.empire47.com\/en\/#\/schema\/logo\/image\/\"},\"sameAs\":[\"https:\/\/www.facebook.com\/StationEmpire47\/\",\"https:\/\/www.instagram.com\/empire_47_\/\"]}]}<\/script>\n<!-- \/ Yoast SEO plugin. -->","yoast_head_json":{"title":"Reserve your vanlife space - Empire 47","description":"For Empire 47 customers and vanlife enthusiasts, reserve your vanlife space just 1.5 km from Empire 47!","robots":{"index":"index","follow":"follow","max-snippet":"max-snippet:-1","max-image-preview":"max-image-preview:large","max-video-preview":"max-video-preview:-1"},"canonical":"https:\/\/www.empire47.com\/en\/vanlife\/","og_locale":"en_US","og_type":"article","og_title":"Reserve your vanlife space - Empire 47","og_description":"For Empire 47 customers and vanlife enthusiasts, reserve your vanlife space just 1.5 km from Empire 47!","og_url":"https:\/\/www.empire47.com\/en\/vanlife\/","og_site_name":"Empire 47","article_publisher":"https:\/\/www.facebook.com\/StationEmpire47\/","article_modified_time":"2024-11-29T12:49:53+00:00","og_image":[{"width":512,"height":512,"url":"https:\/\/www.empire47.com\/wp-content\/uploads\/2023\/12\/cropped-E47_Favicon.png","type":"image\/png"}],"twitter_card":"summary_large_image","twitter_misc":{"Est. reading time":"6 minutes"},"schema":{"@context":"https:\/\/schema.org","@graph":[{"@type":"WebPage","@id":"https:\/\/www.empire47.com\/en\/vanlife\/","url":"https:\/\/www.empire47.com\/en\/vanlife\/","name":"Reserve your vanlife space - Empire 47","isPartOf":{"@id":"https:\/\/www.empire47.com\/en\/#website"},"datePublished":"2024-10-16T12:12:27+00:00","dateModified":"2024-11-29T12:49:53+00:00","description":"For Empire 47 customers and vanlife enthusiasts, reserve your vanlife space just 1.5 km from Empire 47!","breadcrumb":{"@id":"https:\/\/www.empire47.com\/en\/vanlife\/#breadcrumb"},"inLanguage":"en-US","potentialAction":[{"@type":"ReadAction","target":["https:\/\/www.empire47.com\/en\/vanlife\/"]}]},{"@type":"BreadcrumbList","@id":"https:\/\/www.empire47.com\/en\/vanlife\/#breadcrumb","itemListElement":[{"@type":"ListItem","position":1,"name":"Accueil","item":"https:\/\/www.empire47.com\/en\/"},{"@type":"ListItem","position":2,"name":"Vanlife"}]},{"@type":"WebSite","@id":"https:\/\/www.empire47.com\/en\/#website","url":"https:\/\/www.empire47.com\/en\/","name":"Empire 47","description":"V\u00e9lo de montagne et randonn\u00e9e p\u00e9destre","publisher":{"@id":"https:\/\/www.empire47.com\/en\/#organization"},"potentialAction":[{"@type":"SearchAction","target":{"@type":"EntryPoint","urlTemplate":"https:\/\/www.empire47.com\/en\/?s={search_term_string}"},"query-input":{"@type":"PropertyValueSpecification","valueRequired":true,"valueName":"search_term_string"}}],"inLanguage":"en-US"},{"@type":"Organization","@id":"https:\/\/www.empire47.com\/en\/#organization","name":"Empire 47","url":"https:\/\/www.empire47.com\/en\/","logo":{"@type":"ImageObject","inLanguage":"en-US","@id":"https:\/\/www.empire47.com\/en\/#\/schema\/logo\/image\/","url":"https:\/\/www.empire47.com\/wp-content\/uploads\/2023\/12\/cropped-E47_Favicon.png","contentUrl":"https:\/\/www.empire47.com\/wp-content\/uploads\/2023\/12\/cropped-E47_Favicon.png","width":512,"height":512,"caption":"Empire 47"},"image":{"@id":"https:\/\/www.empire47.com\/en\/#\/schema\/logo\/image\/"},"sameAs":["https:\/\/www.facebook.com\/StationEmpire47\/","https:\/\/www.instagram.com\/empire_47_\/"]}]}},"_links":{"self":[{"href":"https:\/\/www.empire47.com\/en\/wp-json\/wp\/v2\/pages\/40115","targetHints":{"allow":["GET"]}}],"collection":[{"href":"https:\/\/www.empire47.com\/en\/wp-json\/wp\/v2\/pages"}],"about":[{"href":"https:\/\/www.empire47.com\/en\/wp-json\/wp\/v2\/types\/page"}],"author":[{"embeddable":true,"href":"https:\/\/www.empire47.com\/en\/wp-json\/wp\/v2\/users\/14"}],"replies":[{"embeddable":true,"href":"https:\/\/www.empire47.com\/en\/wp-json\/wp\/v2\/comments?post=40115"}],"version-history":[{"count":4,"href":"https:\/\/www.empire47.com\/en\/wp-json\/wp\/v2\/pages\/40115\/revisions"}],"predecessor-version":[{"id":40676,"href":"https:\/\/www.empire47.com\/en\/wp-json\/wp\/v2\/pages\/40115\/revisions\/40676"}],"wp:attachment":[{"href":"https:\/\/www.empire47.com\/en\/wp-json\/wp\/v2\/media?parent=40115"}],"curies":[{"name":"wp","href":"https:\/\/api.w.org\/{rel}","templated":true}]}}