{"id":40284,"date":"2024-10-23T13:31:12","date_gmt":"2024-10-23T17:31:12","guid":{"rendered":"https:\/\/www.empire47.com\/evolution-47-bike-school\/our-coaches\/danny-menard\/"},"modified":"2024-10-23T13:31:17","modified_gmt":"2024-10-23T17:31:17","slug":"danny-menard","status":"publish","type":"page","link":"https:\/\/www.empire47.com\/en\/evolution-47-bike-school\/our-coaches\/danny-menard\/","title":{"rendered":"Danny M\u00e9nard"},"content":{"rendered":"<p>[et_pb_section fb_built=&#8221;1&#8243; admin_label=&#8221;About&#8221; module_id=&#8221;day-camps&#8221; _builder_version=&#8221;4.19.5&#8243; background_color=&#8221;rgba(0,0,0,0)&#8221; custom_margin=&#8221;||||false|false&#8221; custom_margin_tablet=&#8221;&#8221; custom_margin_phone=&#8221;||0vw||false|false&#8221; custom_margin_last_edited=&#8221;on|phone&#8221; custom_padding=&#8221;0px||0px||false|false&#8221; custom_width_px__hover=&#8221;1080px&#8221; custom_width_px__hover_enabled=&#8221;1080px&#8221; custom_width_percent__hover=&#8221;80%&#8221; custom_width_percent__hover_enabled=&#8221;80%&#8221; locked=&#8221;off&#8221; global_colors_info=&#8221;{}&#8221; gutter_width__hover=&#8221;3&#8243; gutter_width__hover_enabled=&#8221;3&#8243; parallax_1__hover=&#8221;off&#8221; parallax_1__hover_enabled=&#8221;off&#8221; parallax_2__hover=&#8221;off&#8221; parallax_2__hover_enabled=&#8221;off&#8221; parallax_3__hover=&#8221;off&#8221; parallax_3__hover_enabled=&#8221;off&#8221; parallax_method_1__hover=&#8221;on&#8221; parallax_method_1__hover_enabled=&#8221;on&#8221; parallax_method_2__hover=&#8221;on&#8221; parallax_method_2__hover_enabled=&#8221;on&#8221; parallax_method_3__hover=&#8221;on&#8221; parallax_method_3__hover_enabled=&#8221;on&#8221; use_background_color_gradient__hover=&#8221;off&#8221; use_background_color_gradient__hover_enabled=&#8221;off&#8221; background_color_gradient_start__hover=&#8221;#2b87da&#8221; background_color_gradient_start__hover_enabled=&#8221;#2b87da&#8221; background_color_gradient_end__hover=&#8221;#29c4a9&#8243; background_color_gradient_end__hover_enabled=&#8221;#29c4a9&#8243; background_color_gradient_type__hover=&#8221;linear&#8221; background_color_gradient_type__hover_enabled=&#8221;linear&#8221; background_color_gradient_direction__hover=&#8221;180deg&#8221; background_color_gradient_direction__hover_enabled=&#8221;180deg&#8221; background_color_gradient_direction_radial__hover=&#8221;center&#8221; background_color_gradient_direction_radial__hover_enabled=&#8221;center&#8221; background_color_gradient_start_position__hover=&#8221;0%&#8221; background_color_gradient_start_position__hover_enabled=&#8221;0%&#8221; background_color_gradient_end_position__hover=&#8221;100%&#8221; background_color_gradient_end_position__hover_enabled=&#8221;100%&#8221; background_color_gradient_overlays_image__hover=&#8221;off&#8221; background_color_gradient_overlays_image__hover_enabled=&#8221;off&#8221; parallax__hover=&#8221;off&#8221; parallax__hover_enabled=&#8221;off&#8221; parallax_method__hover=&#8221;on&#8221; parallax_method__hover_enabled=&#8221;on&#8221; background_size__hover=&#8221;cover&#8221; background_size__hover_enabled=&#8221;cover&#8221; background_position__hover=&#8221;center&#8221; background_position__hover_enabled=&#8221;center&#8221; background_repeat__hover=&#8221;no-repeat&#8221; background_repeat__hover_enabled=&#8221;no-repeat&#8221; background_blend__hover=&#8221;normal&#8221; background_blend__hover_enabled=&#8221;normal&#8221; allow_player_pause__hover=&#8221;off&#8221; allow_player_pause__hover_enabled=&#8221;off&#8221; background_video_pause_outside_viewport__hover=&#8221;on&#8221; background_video_pause_outside_viewport__hover_enabled=&#8221;on&#8221; inner_shadow__hover=&#8221;off&#8221; inner_shadow__hover_enabled=&#8221;off&#8221; make_fullwidth__hover=&#8221;off&#8221; make_fullwidth__hover_enabled=&#8221;off&#8221; use_custom_width__hover=&#8221;off&#8221; use_custom_width__hover_enabled=&#8221;off&#8221; width_unit__hover=&#8221;on&#8221; width_unit__hover_enabled=&#8221;on&#8221; make_equal__hover=&#8221;off&#8221; make_equal__hover_enabled=&#8221;off&#8221; use_custom_gutter__hover=&#8221;off&#8221; use_custom_gutter__hover_enabled=&#8221;off&#8221; border_radii__hover=&#8221;on||||&#8221; border_radii__hover_enabled=&#8221;on||||&#8221; box_shadow_style__hover=&#8221;none&#8221; box_shadow_style__hover_enabled=&#8221;none&#8221; box_shadow_color__hover=&#8221;rgba(0,0,0,0.3)&#8221; box_shadow_color__hover_enabled=&#8221;rgba(0,0,0,0.3)&#8221; max_width__hover=&#8221;100%&#8221; max_width__hover_enabled=&#8221;100%&#8221; filter_hue_rotate__hover=&#8221;0deg&#8221; filter_hue_rotate__hover_enabled=&#8221;0deg&#8221; filter_saturate__hover=&#8221;100%&#8221; filter_saturate__hover_enabled=&#8221;100%&#8221; filter_brightness__hover=&#8221;100%&#8221; filter_brightness__hover_enabled=&#8221;100%&#8221; filter_contrast__hover=&#8221;100%&#8221; filter_contrast__hover_enabled=&#8221;100%&#8221; filter_invert__hover=&#8221;0%&#8221; filter_invert__hover_enabled=&#8221;0%&#8221; filter_sepia__hover=&#8221;0%&#8221; filter_sepia__hover_enabled=&#8221;0%&#8221; filter_opacity__hover=&#8221;100%&#8221; filter_opacity__hover_enabled=&#8221;100%&#8221; filter_blur__hover=&#8221;0px&#8221; filter_blur__hover_enabled=&#8221;0px&#8221; mix_blend_mode__hover=&#8221;normal&#8221; mix_blend_mode__hover_enabled=&#8221;normal&#8221; animation_style__hover=&#8221;none&#8221; animation_style__hover_enabled=&#8221;none&#8221; animation_repeat__hover=&#8221;once&#8221; animation_repeat__hover_enabled=&#8221;once&#8221; animation_direction__hover=&#8221;center&#8221; animation_direction__hover_enabled=&#8221;center&#8221; animation_duration__hover=&#8221;1000ms&#8221; animation_duration__hover_enabled=&#8221;1000ms&#8221; animation_delay__hover=&#8221;0ms&#8221; animation_delay__hover_enabled=&#8221;0ms&#8221; animation_intensity_slide__hover=&#8221;50%&#8221; animation_intensity_slide__hover_enabled=&#8221;50%&#8221; animation_intensity_zoom__hover=&#8221;50%&#8221; animation_intensity_zoom__hover_enabled=&#8221;50%&#8221; animation_intensity_flip__hover=&#8221;50%&#8221; animation_intensity_flip__hover_enabled=&#8221;50%&#8221; animation_intensity_fold__hover=&#8221;50%&#8221; animation_intensity_fold__hover_enabled=&#8221;50%&#8221; animation_intensity_roll__hover=&#8221;50%&#8221; animation_intensity_roll__hover_enabled=&#8221;50%&#8221; animation_starting_opacity__hover=&#8221;0%&#8221; animation_starting_opacity__hover_enabled=&#8221;0%&#8221; animation_speed_curve__hover=&#8221;ease-in-out&#8221; animation_speed_curve__hover_enabled=&#8221;ease-in-out&#8221; hover_transition_duration__hover=&#8221;300ms&#8221; hover_transition_duration__hover_enabled=&#8221;300ms&#8221; hover_transition_delay__hover=&#8221;0ms&#8221; hover_transition_delay__hover_enabled=&#8221;0ms&#8221; hover_transition_speed_curve__hover=&#8221;ease&#8221; hover_transition_speed_curve__hover_enabled=&#8221;ease&#8221; background_color_gradient_stops__hover=&#8221;#2b87da 0%|#29c4a9 100%&#8221;][et_pb_row module_id=&#8221;tarifs-raquette&#8221; _builder_version=&#8221;4.16&#8243; custom_margin=&#8221;||||false|false&#8221; custom_padding=&#8221;56px||||false|false&#8221; locked=&#8221;off&#8221; global_colors_info=&#8221;{}&#8221;][et_pb_column type=&#8221;4_4&#8243; _builder_version=&#8221;4.16&#8243; custom_padding=&#8221;|||&#8221; global_colors_info=&#8221;{}&#8221; custom_padding__hover=&#8221;|||&#8221;][et_pb_text _builder_version=&#8221;4.19.5&#8243; text_font=&#8221;||||||||&#8221; text_text_color=&#8221;#ffffff&#8221; text_line_height=&#8221;0.7em&#8221; header_font=&#8221;Montserrat|800|||||||&#8221; header_2_font=&#8221;Montserrat|700||on||||#13beec|&#8221; header_2_text_color=&#8221;#ffffff&#8221; header_2_font_size=&#8221;48px&#8221; header_2_line_height=&#8221;1.6em&#8221; header_3_font=&#8221;Montserrat|||on|||||&#8221; header_3_text_color=&#8221;#ffffff&#8221; background_color=&#8221;#2a2e40&#8243; text_orientation=&#8221;center&#8221; custom_margin=&#8221;-39px||15px||false|false&#8221; custom_padding=&#8221;16px||9px||false|false&#8221; header_2_font_size_tablet=&#8221;32px&#8221; header_2_font_size_phone=&#8221;21px&#8221; header_2_font_size_last_edited=&#8221;on|tablet&#8221; global_colors_info=&#8221;{}&#8221;]<\/p>\n<h3>Danny M\u00e9nard<\/h3>\n<p>[\/et_pb_text][\/et_pb_column][\/et_pb_row][et_pb_row column_structure=&#8221;2_5,3_5&#8243; module_id=&#8221;tarifs-raquette&#8221; _builder_version=&#8221;4.19.5&#8243; custom_margin=&#8221;||||false|false&#8221; custom_padding=&#8221;0px||||false|false&#8221; locked=&#8221;off&#8221; global_colors_info=&#8221;{}&#8221;][et_pb_column type=&#8221;2_5&#8243; _builder_version=&#8221;4.16&#8243; custom_padding=&#8221;|||&#8221; global_colors_info=&#8221;{}&#8221; custom_padding__hover=&#8221;|||&#8221;][et_pb_image src=&#8221;https:\/\/www.empire47.com\/wp-content\/uploads\/2023\/04\/DannyMenard-min.png&#8221; _builder_version=&#8221;4.19.5&#8243; _module_preset=&#8221;default&#8221; global_colors_info=&#8221;{}&#8221;]<\/p>\n<p><i><span>&#8216;<\/span><\/i>&#8216;<i><span> Retired military, medical technician and paramedic by training, I&#8217;ve been very active since a very young age. I&#8217;ve been competing at the highest level in mountain biking for several years, and I also have a great deal of experience coaching young people in both minor field hockey and mountain biking. I&#8217;m currently a mountain bike patroller at Empire 47 and assistant coach for the Primeau Mountain Bike Club. I&#8217;d like to put my experience and knowledge as a coach at Evolution 47 to good use, particularly in view of the team&#8217;s dynamism and the development that&#8217;s constantly evolving in line with my own values. <\/span><\/i><span>&#8216; &#8211; <\/span><b>Danny M\u00e9nard<\/b><\/p>\n<p><b>My favourite disciplines<\/b><span>: <\/span><\/p>\n<p><b>My specialties<\/b><span>:<\/span><\/p>\n<p><b>My strengths<\/b><span>: <\/span><\/p>\n<p><b>Clientele<\/b><span>: All ages<\/span><\/p>\n<p>[\/et_pb_image][\/et_pb_column][et_pb_column type=&#8221;3_5&#8243; _builder_version=&#8221;4.16&#8243; custom_padding=&#8221;|||&#8221; global_colors_info=&#8221;{}&#8221; custom_padding__hover=&#8221;|||&#8221;][et_pb_text _builder_version=&#8221;4.19.5&#8243; text_font=&#8221;Montserrat||||||||&#8221; text_font_size=&#8221;16px&#8221; header_font=&#8221;||||||||&#8221; header_2_font=&#8221;Montserrat|500||on|||||&#8221; header_2_font_size=&#8221;44px&#8221; header_2_line_height=&#8221;1.4em&#8221; max_width=&#8221;800px&#8221; module_alignment=&#8221;right&#8221; header_2_font_size_tablet=&#8221;40px&#8221; header_2_font_size_phone=&#8221;30px&#8221; header_2_font_size_last_edited=&#8221;on|phone&#8221; header_2_letter_spacing_tablet=&#8221;10px&#8221; header_2_letter_spacing_phone=&#8221;5px&#8221; header_2_letter_spacing_last_edited=&#8221;on|tablet&#8221; locked=&#8221;off&#8221; global_colors_info=&#8221;{}&#8221; text_font_size__hover=&#8221;14px&#8221; text_font_size__hover_enabled=&#8221;14px&#8221; text_letter_spacing__hover=&#8221;0px&#8221; text_letter_spacing__hover_enabled=&#8221;0px&#8221; text_line_height__hover=&#8221;1.7em&#8221; text_line_height__hover_enabled=&#8221;1.7em&#8221; text_text_shadow_style__hover=&#8221;none&#8221; text_text_shadow_style__hover_enabled=&#8221;none&#8221; text_text_shadow_color__hover=&#8221;rgba(0,0,0,0.4)&#8221; text_text_shadow_color__hover_enabled=&#8221;rgba(0,0,0,0.4)&#8221; link_font_size__hover=&#8221;14px&#8221; link_font_size__hover_enabled=&#8221;14px&#8221; link_letter_spacing__hover=&#8221;0px&#8221; link_letter_spacing__hover_enabled=&#8221;0px&#8221; link_line_height__hover=&#8221;1em&#8221; link_line_height__hover_enabled=&#8221;1em&#8221; link_text_shadow_style__hover=&#8221;none&#8221; link_text_shadow_style__hover_enabled=&#8221;none&#8221; link_text_shadow_color__hover=&#8221;rgba(0,0,0,0.4)&#8221; link_text_shadow_color__hover_enabled=&#8221;rgba(0,0,0,0.4)&#8221; ul_font_size__hover=&#8221;14px&#8221; ul_font_size__hover_enabled=&#8221;14px&#8221; ul_letter_spacing__hover=&#8221;0px&#8221; ul_letter_spacing__hover_enabled=&#8221;0px&#8221; ul_line_height__hover=&#8221;1em&#8221; ul_line_height__hover_enabled=&#8221;1em&#8221; ul_text_shadow_style__hover=&#8221;none&#8221; ul_text_shadow_style__hover_enabled=&#8221;none&#8221; ul_text_shadow_color__hover=&#8221;rgba(0,0,0,0.4)&#8221; ul_text_shadow_color__hover_enabled=&#8221;rgba(0,0,0,0.4)&#8221; ol_font_size__hover=&#8221;14px&#8221; ol_font_size__hover_enabled=&#8221;14px&#8221; ol_letter_spacing__hover=&#8221;0px&#8221; ol_letter_spacing__hover_enabled=&#8221;0px&#8221; ol_line_height__hover=&#8221;1em&#8221; ol_line_height__hover_enabled=&#8221;1em&#8221; ol_text_shadow_style__hover=&#8221;none&#8221; ol_text_shadow_style__hover_enabled=&#8221;none&#8221; ol_text_shadow_color__hover=&#8221;rgba(0,0,0,0.4)&#8221; ol_text_shadow_color__hover_enabled=&#8221;rgba(0,0,0,0.4)&#8221; quote_font_size__hover=&#8221;14px&#8221; quote_font_size__hover_enabled=&#8221;14px&#8221; quote_letter_spacing__hover=&#8221;0px&#8221; quote_letter_spacing__hover_enabled=&#8221;0px&#8221; quote_line_height__hover=&#8221;1em&#8221; quote_line_height__hover_enabled=&#8221;1em&#8221; quote_text_shadow_style__hover=&#8221;none&#8221; quote_text_shadow_style__hover_enabled=&#8221;none&#8221; quote_text_shadow_color__hover=&#8221;rgba(0,0,0,0.4)&#8221; quote_text_shadow_color__hover_enabled=&#8221;rgba(0,0,0,0.4)&#8221; text_orientation__hover=&#8221;left&#8221; text_orientation__hover_enabled=&#8221;left&#8221; background_layout__hover=&#8221;light&#8221; background_layout__hover_enabled=&#8221;light&#8221;]<\/p>\n<p><i><span>&#8216;<\/span><\/i>&#8216;<i><span> Retired military, medical technician and paramedic by training, I&#8217;ve been very active since a very young age. I&#8217;ve been competing at the highest level in mountain biking for several years, and I also have a great deal of experience coaching young people in both minor field hockey and mountain biking. I&#8217;m currently a mountain bike patroller at Empire 47 and assistant coach for the Primeau Mountain Bike Club. I&#8217;d like to put my experience and knowledge as a coach at Evolution 47 to good use, particularly in view of the team&#8217;s dynamism and the development that&#8217;s constantly evolving in line with my own values. <\/span><\/i><span>&#8216; &#8211; <\/span><b>Danny M\u00e9nard<\/b><\/p>\n<p><b>My favourite disciplines:<\/b><span> Cross country<\/span><\/p>\n<p><b>My specialities<\/b><span>: Climbing, endurance and consistency, terrain analysis<\/span><\/p>\n<p><b>My strengths:<\/b><span> Experience with young people<\/span><\/p>\n<p><b>Clientele<\/b><span>: All ages<\/span><\/p>\n<p><span><strong>Coaching level<\/strong>: Initiation, beginner and intermediate<\/span><\/p>\n<p>[\/et_pb_text][et_pb_button button_url=&#8221;https:\/\/squareup.com\/appointments\/book\/kzpc8vlt9idckv\/WZ2W7Z54FK3QA\/start&#8221; url_new_window=&#8221;on&#8221; button_text=&#8221;BOOK THIS COACH&#8221; button_alignment=&#8221;center&#8221; button_alignment_tablet=&#8221;&#8221; button_alignment_phone=&#8221;&#8221; button_alignment_last_edited=&#8221;on|phone&#8221; _builder_version=&#8221;4.19.5&#8243; _module_preset=&#8221;default&#8221; custom_button=&#8221;on&#8221; button_text_size=&#8221;17px&#8221; button_text_color=&#8221;#ffffff&#8221; button_bg_color=&#8221;#00ae42&#8243; button_border_radius=&#8221;10px&#8221; button_letter_spacing=&#8221;-1px&#8221; button_font=&#8221;Montserrat|||on|||||&#8221; button_icon=&#8221;&#x35;||divi||400&#8243; button_icon_color=&#8221;#ffffff&#8221; button_text_size_tablet=&#8221;&#8221; button_text_size_phone=&#8221;14px&#8221; button_text_size_last_edited=&#8221;on|phone&#8221; locked=&#8221;off&#8221; global_colors_info=&#8221;{}&#8221;][\/et_pb_button][\/et_pb_column][\/et_pb_row][\/et_pb_section]<\/p>\n","protected":false},"excerpt":{"rendered":"<p>Danny M\u00e9nard&#8221; Retired military, medical technician and paramedic by training, I&#8217;ve been very active since a very young age. I&#8217;ve been competing at the highest level in mountain biking for several years, and I also have a great deal of experience coaching young people in both minor field hockey and mountain biking. I&#8217;m currently a [&hellip;]<\/p>\n","protected":false},"author":1,"featured_media":0,"parent":40253,"menu_order":0,"comment_status":"closed","ping_status":"closed","template":"","meta":{"_et_pb_use_builder":"on","_et_pb_old_content":"","_et_gb_content_width":"","footnotes":""},"class_list":["post-40284","page","type-page","status-publish","hentry"],"yoast_head":"<!-- This site is optimized with the Yoast SEO plugin v24.3 - https:\/\/yoast.com\/wordpress\/plugins\/seo\/ -->\n<title>Danny M\u00e9nard - Empire 47<\/title>\n<meta name=\"description\" content=\"Book a coaching session with our coach, Danny M\u00e9nard\" \/>\n<meta name=\"robots\" content=\"index, follow, max-snippet:-1, max-image-preview:large, max-video-preview:-1\" \/>\n<link rel=\"canonical\" href=\"https:\/\/www.empire47.com\/en\/evolution-47-bike-school\/our-coaches\/danny-menard\/\" \/>\n<meta property=\"og:locale\" content=\"en_US\" \/>\n<meta property=\"og:type\" content=\"article\" \/>\n<meta property=\"og:title\" content=\"Danny M\u00e9nard - Empire 47\" \/>\n<meta property=\"og:description\" content=\"Book a coaching session with our coach, Danny M\u00e9nard\" \/>\n<meta property=\"og:url\" content=\"https:\/\/www.empire47.com\/en\/evolution-47-bike-school\/our-coaches\/danny-menard\/\" \/>\n<meta property=\"og:site_name\" content=\"Empire 47\" \/>\n<meta property=\"article:publisher\" content=\"https:\/\/www.facebook.com\/StationEmpire47\/\" \/>\n<meta property=\"article:modified_time\" content=\"2024-10-23T17:31:17+00:00\" \/>\n<meta property=\"og:image\" content=\"https:\/\/www.empire47.com\/wp-content\/uploads\/2023\/12\/cropped-E47_Favicon.png\" \/>\n\t<meta property=\"og:image:width\" content=\"512\" \/>\n\t<meta property=\"og:image:height\" content=\"512\" \/>\n\t<meta property=\"og:image:type\" content=\"image\/png\" \/>\n<meta name=\"twitter:card\" content=\"summary_large_image\" \/>\n<meta name=\"twitter:label1\" content=\"Est. reading time\" \/>\n\t<meta name=\"twitter:data1\" content=\"8 minutes\" \/>\n<script type=\"application\/ld+json\" class=\"yoast-schema-graph\">{\"@context\":\"https:\/\/schema.org\",\"@graph\":[{\"@type\":\"WebPage\",\"@id\":\"https:\/\/www.empire47.com\/en\/evolution-47-bike-school\/our-coaches\/danny-menard\/\",\"url\":\"https:\/\/www.empire47.com\/en\/evolution-47-bike-school\/our-coaches\/danny-menard\/\",\"name\":\"Danny M\u00e9nard - Empire 47\",\"isPartOf\":{\"@id\":\"https:\/\/www.empire47.com\/en\/#website\"},\"datePublished\":\"2024-10-23T17:31:12+00:00\",\"dateModified\":\"2024-10-23T17:31:17+00:00\",\"description\":\"Book a coaching session with our coach, Danny M\u00e9nard\",\"breadcrumb\":{\"@id\":\"https:\/\/www.empire47.com\/en\/evolution-47-bike-school\/our-coaches\/danny-menard\/#breadcrumb\"},\"inLanguage\":\"en-US\",\"potentialAction\":[{\"@type\":\"ReadAction\",\"target\":[\"https:\/\/www.empire47.com\/en\/evolution-47-bike-school\/our-coaches\/danny-menard\/\"]}]},{\"@type\":\"BreadcrumbList\",\"@id\":\"https:\/\/www.empire47.com\/en\/evolution-47-bike-school\/our-coaches\/danny-menard\/#breadcrumb\",\"itemListElement\":[{\"@type\":\"ListItem\",\"position\":1,\"name\":\"Accueil\",\"item\":\"https:\/\/www.empire47.com\/en\/\"},{\"@type\":\"ListItem\",\"position\":2,\"name\":\"Evolution 47 bike school\",\"item\":\"https:\/\/www.empire47.com\/en\/evolution-47-bike-school\/\"},{\"@type\":\"ListItem\",\"position\":3,\"name\":\"Our coaches\",\"item\":\"https:\/\/www.empire47.com\/en\/evolution-47-bike-school\/our-coaches\/\"},{\"@type\":\"ListItem\",\"position\":4,\"name\":\"Danny M\u00e9nard\"}]},{\"@type\":\"WebSite\",\"@id\":\"https:\/\/www.empire47.com\/en\/#website\",\"url\":\"https:\/\/www.empire47.com\/en\/\",\"name\":\"Empire 47\",\"description\":\"V\u00e9lo de montagne et randonn\u00e9e p\u00e9destre\",\"publisher\":{\"@id\":\"https:\/\/www.empire47.com\/en\/#organization\"},\"potentialAction\":[{\"@type\":\"SearchAction\",\"target\":{\"@type\":\"EntryPoint\",\"urlTemplate\":\"https:\/\/www.empire47.com\/en\/?s={search_term_string}\"},\"query-input\":{\"@type\":\"PropertyValueSpecification\",\"valueRequired\":true,\"valueName\":\"search_term_string\"}}],\"inLanguage\":\"en-US\"},{\"@type\":\"Organization\",\"@id\":\"https:\/\/www.empire47.com\/en\/#organization\",\"name\":\"Empire 47\",\"url\":\"https:\/\/www.empire47.com\/en\/\",\"logo\":{\"@type\":\"ImageObject\",\"inLanguage\":\"en-US\",\"@id\":\"https:\/\/www.empire47.com\/en\/#\/schema\/logo\/image\/\",\"url\":\"https:\/\/www.empire47.com\/wp-content\/uploads\/2023\/12\/cropped-E47_Favicon.png\",\"contentUrl\":\"https:\/\/www.empire47.com\/wp-content\/uploads\/2023\/12\/cropped-E47_Favicon.png\",\"width\":512,\"height\":512,\"caption\":\"Empire 47\"},\"image\":{\"@id\":\"https:\/\/www.empire47.com\/en\/#\/schema\/logo\/image\/\"},\"sameAs\":[\"https:\/\/www.facebook.com\/StationEmpire47\/\",\"https:\/\/www.instagram.com\/empire_47_\/\"]}]}<\/script>\n<!-- \/ Yoast SEO plugin. -->","yoast_head_json":{"title":"Danny M\u00e9nard - Empire 47","description":"Book a coaching session with our coach, Danny M\u00e9nard","robots":{"index":"index","follow":"follow","max-snippet":"max-snippet:-1","max-image-preview":"max-image-preview:large","max-video-preview":"max-video-preview:-1"},"canonical":"https:\/\/www.empire47.com\/en\/evolution-47-bike-school\/our-coaches\/danny-menard\/","og_locale":"en_US","og_type":"article","og_title":"Danny M\u00e9nard - Empire 47","og_description":"Book a coaching session with our coach, Danny M\u00e9nard","og_url":"https:\/\/www.empire47.com\/en\/evolution-47-bike-school\/our-coaches\/danny-menard\/","og_site_name":"Empire 47","article_publisher":"https:\/\/www.facebook.com\/StationEmpire47\/","article_modified_time":"2024-10-23T17:31:17+00:00","og_image":[{"width":512,"height":512,"url":"https:\/\/www.empire47.com\/wp-content\/uploads\/2023\/12\/cropped-E47_Favicon.png","type":"image\/png"}],"twitter_card":"summary_large_image","twitter_misc":{"Est. reading time":"8 minutes"},"schema":{"@context":"https:\/\/schema.org","@graph":[{"@type":"WebPage","@id":"https:\/\/www.empire47.com\/en\/evolution-47-bike-school\/our-coaches\/danny-menard\/","url":"https:\/\/www.empire47.com\/en\/evolution-47-bike-school\/our-coaches\/danny-menard\/","name":"Danny M\u00e9nard - Empire 47","isPartOf":{"@id":"https:\/\/www.empire47.com\/en\/#website"},"datePublished":"2024-10-23T17:31:12+00:00","dateModified":"2024-10-23T17:31:17+00:00","description":"Book a coaching session with our coach, Danny M\u00e9nard","breadcrumb":{"@id":"https:\/\/www.empire47.com\/en\/evolution-47-bike-school\/our-coaches\/danny-menard\/#breadcrumb"},"inLanguage":"en-US","potentialAction":[{"@type":"ReadAction","target":["https:\/\/www.empire47.com\/en\/evolution-47-bike-school\/our-coaches\/danny-menard\/"]}]},{"@type":"BreadcrumbList","@id":"https:\/\/www.empire47.com\/en\/evolution-47-bike-school\/our-coaches\/danny-menard\/#breadcrumb","itemListElement":[{"@type":"ListItem","position":1,"name":"Accueil","item":"https:\/\/www.empire47.com\/en\/"},{"@type":"ListItem","position":2,"name":"Evolution 47 bike school","item":"https:\/\/www.empire47.com\/en\/evolution-47-bike-school\/"},{"@type":"ListItem","position":3,"name":"Our coaches","item":"https:\/\/www.empire47.com\/en\/evolution-47-bike-school\/our-coaches\/"},{"@type":"ListItem","position":4,"name":"Danny M\u00e9nard"}]},{"@type":"WebSite","@id":"https:\/\/www.empire47.com\/en\/#website","url":"https:\/\/www.empire47.com\/en\/","name":"Empire 47","description":"V\u00e9lo de montagne et randonn\u00e9e p\u00e9destre","publisher":{"@id":"https:\/\/www.empire47.com\/en\/#organization"},"potentialAction":[{"@type":"SearchAction","target":{"@type":"EntryPoint","urlTemplate":"https:\/\/www.empire47.com\/en\/?s={search_term_string}"},"query-input":{"@type":"PropertyValueSpecification","valueRequired":true,"valueName":"search_term_string"}}],"inLanguage":"en-US"},{"@type":"Organization","@id":"https:\/\/www.empire47.com\/en\/#organization","name":"Empire 47","url":"https:\/\/www.empire47.com\/en\/","logo":{"@type":"ImageObject","inLanguage":"en-US","@id":"https:\/\/www.empire47.com\/en\/#\/schema\/logo\/image\/","url":"https:\/\/www.empire47.com\/wp-content\/uploads\/2023\/12\/cropped-E47_Favicon.png","contentUrl":"https:\/\/www.empire47.com\/wp-content\/uploads\/2023\/12\/cropped-E47_Favicon.png","width":512,"height":512,"caption":"Empire 47"},"image":{"@id":"https:\/\/www.empire47.com\/en\/#\/schema\/logo\/image\/"},"sameAs":["https:\/\/www.facebook.com\/StationEmpire47\/","https:\/\/www.instagram.com\/empire_47_\/"]}]}},"_links":{"self":[{"href":"https:\/\/www.empire47.com\/en\/wp-json\/wp\/v2\/pages\/40284","targetHints":{"allow":["GET"]}}],"collection":[{"href":"https:\/\/www.empire47.com\/en\/wp-json\/wp\/v2\/pages"}],"about":[{"href":"https:\/\/www.empire47.com\/en\/wp-json\/wp\/v2\/types\/page"}],"author":[{"embeddable":true,"href":"https:\/\/www.empire47.com\/en\/wp-json\/wp\/v2\/users\/1"}],"replies":[{"embeddable":true,"href":"https:\/\/www.empire47.com\/en\/wp-json\/wp\/v2\/comments?post=40284"}],"version-history":[{"count":5,"href":"https:\/\/www.empire47.com\/en\/wp-json\/wp\/v2\/pages\/40284\/revisions"}],"predecessor-version":[{"id":40289,"href":"https:\/\/www.empire47.com\/en\/wp-json\/wp\/v2\/pages\/40284\/revisions\/40289"}],"up":[{"embeddable":true,"href":"https:\/\/www.empire47.com\/en\/wp-json\/wp\/v2\/pages\/40253"}],"wp:attachment":[{"href":"https:\/\/www.empire47.com\/en\/wp-json\/wp\/v2\/media?parent=40284"}],"curies":[{"name":"wp","href":"https:\/\/api.w.org\/{rel}","templated":true}]}}